{"id":371,"date":"2018-10-22T14:17:48","date_gmt":"2018-10-22T14:17:48","guid":{"rendered":"https:\/\/www.notariagrm.com\/cookies-policy\/"},"modified":"2018-10-22T14:19:39","modified_gmt":"2018-10-22T14:19:39","slug":"cookies-policy","status":"publish","type":"page","link":"https:\/\/www.notariagrm.com\/en\/cookies-policy\/","title":{"rendered":"Cookies Policy"},"content":{"rendered":"\t\t<div data-elementor-type=\"wp-post\" data-elementor-id=\"371\" class=\"elementor elementor-371 elementor-332 elementor-bc-flex-widget\" data-elementor-post-type=\"page\">\n\t\t\t\t\t\t<section class=\"elementor-section elementor-top-section elementor-element elementor-element-4878bf9 elementor-section-height-min-height elementor-section-boxed elementor-section-height-default elementor-section-items-middle\" data-id=\"4878bf9\" data-element_type=\"section\" data-e-type=\"section\" data-settings=\"{&quot;background_background&quot;:&quot;classic&quot;}\">\n\t\t\t\t\t\t\t<div class=\"elementor-background-overlay\"><\/div>\n\t\t\t\t\t\t\t<div class=\"elementor-container elementor-column-gap-wide\">\n\t\t\t\t\t<div class=\"elementor-column elementor-col-100 elementor-top-column elementor-element elementor-element-12f8b36\" data-id=\"12f8b36\" data-element_type=\"column\" data-e-type=\"column\">\n\t\t\t<div class=\"elementor-widget-wrap elementor-element-populated\">\n\t\t\t\t\t\t<div class=\"elementor-element elementor-element-f57b346 elementor-widget elementor-widget-heading\" data-id=\"f57b346\" data-element_type=\"widget\" data-e-type=\"widget\" data-widget_type=\"heading.default\">\n\t\t\t\t<div class=\"elementor-widget-container\">\n\t\t\t\t\t<h1 class=\"elementor-heading-title elementor-size-default\">Cookies Policy<\/h1>\t\t\t\t<\/div>\n\t\t\t\t<\/div>\n\t\t\t\t\t<\/div>\n\t\t<\/div>\n\t\t\t\t\t<\/div>\n\t\t<\/section>\n\t\t\t\t<section class=\"elementor-section elementor-top-section elementor-element elementor-element-375a337 elementor-section-boxed elementor-section-height-default elementor-section-height-default\" data-id=\"375a337\" data-element_type=\"section\" data-e-type=\"section\">\n\t\t\t\t\t\t<div class=\"elementor-container elementor-column-gap-default\">\n\t\t\t\t\t<div class=\"elementor-column elementor-col-100 elementor-top-column elementor-element elementor-element-04a2099\" data-id=\"04a2099\" data-element_type=\"column\" data-e-type=\"column\">\n\t\t\t<div class=\"elementor-widget-wrap elementor-element-populated\">\n\t\t\t\t\t\t<div class=\"elementor-element elementor-element-2b2c214 elementor-widget elementor-widget-text-editor\" data-id=\"2b2c214\" data-element_type=\"widget\" data-e-type=\"widget\" data-widget_type=\"text-editor.default\">\n\t\t\t\t<div class=\"elementor-widget-container\">\n\t\t\t\t\t\t\t\t\t<p><b>Informaci\u00f3n del uso de cookies<\/b><\/p>\n<p>Las cookies son breves informaciones que se env\u00edan y almacenan en el disco duro del ordenador del USUARIO a trav\u00e9s de su navegador cuando \u00e9ste se conecta a una p\u00e1gina web. Las cookies se pueden utilizar para recabar y almacenar datos del USUARIO mientras est\u00e1 conectado para facilitarle los servicios solicitados y que no se suelen conservar (Cookies de sesi\u00f3n) o para conservar los datos del USUARIO para otro tipo de servicios futuros y que se pueden conservar por tiempo indefinido (Cookies persistentes). Las cookies pueden ser propias o de terceros.<\/p>\n<p>Existen varios tipos de cookies:<\/p>\n<ul>\n<li><b>Cookies t\u00e9cnicas<\/b>\u00a0que facilitan la navegaci\u00f3n del USUARIO y la utilizaci\u00f3n de las diferentes opciones o servicios que ofrece la p\u00e1gina web como identificar la sesi\u00f3n, permitir el acceso a determinadas \u00e1reas, facilitar pedidos, compras, cumplimentaci\u00f3n de formularios, inscripciones, seguridad, facilitar funcionalidades (videos, redes sociales\u2026).<\/li>\n<li><b>Cookies de personalizaci\u00f3n<\/b>\u00a0que permiten al USUARIO acceder a los servicios seg\u00fan sus preferencias (idioma, navegador, configuraci\u00f3n\u2026).<\/li>\n<li><b>Cookies de an\u00e1lisis<\/b>\u00a0que permiten el an\u00e1lisis an\u00f3nimo del comportamiento de los USUARIOS de la p\u00e1gina web y que permiten medir la actividad del USUARIO y elaborar perfiles de navegaci\u00f3n\u00a0con el fin u objetivo\u00a0de mejorar los sitios web.<\/li>\n<li><b>Cookies publicitaria<\/b>\u00a0que permiten la gesti\u00f3n de los espacios publicitarios de la p\u00e1gina web.<\/li>\n<li><b>Cookies de publicidad personalizada<\/b>\u00a0que permiten la gesti\u00f3n \u00a0de los espacios publicitarios de la p\u00e1gina web en base al comportamiento y h\u00e1bitos de navegaci\u00f3n del USUARIO, de donde se obtiene su perfil y permite personalizar la publicidad que se muestra en el navegador del USUARIO.<\/li>\n<\/ul>\n<p>La p\u00e1gina web notariagrm.com \u00fanicamente utiliza cookies t\u00e9cnicas, de personalizaci\u00f3n y an\u00e1lisis, propias y de terceros, \u00a0que en ning\u00fan caso tratan datos de car\u00e1cter personal ni captan h\u00e1bitos de navegaci\u00f3n para fines publicitarios.<\/p>\n<p>Por ello, al acceder a nuestra p\u00e1gina web, en cumplimiento del art\u00edculo 22 de la Ley de Servicios de la Sociedad de la Informaci\u00f3n, al tratar cookies de an\u00e1lisis, le hemos solicitado su consentimiento para su uso, que en todo caso se instalar\u00e1n pasado un plazo de tiempo prudencial para que el USUARIO tenga tiempo de decidir prestar su consentimiento o no.<\/p>\n<p>De todas formas, le informamos que puede activar o desactivar estas cookies siguiendo las instrucciones de su navegador de Internet:<\/p>\n<ul>\n<li><b>Chrome<\/b>: Configuraci\u00f3n -&gt; Mostrar opciones avanzadas -&gt; Privacidad -&gt; Configuraci\u00f3n de contenido.<\/li>\n<li><b>Firefox<\/b>: Herramientas -&gt; Opciones -&gt; Privacidad -&gt; Historial -&gt; Configuraci\u00f3n Personalizada.<\/li>\n<li><b>Internet Explorer<\/b>: Herramientas -&gt; Opciones de Internet -&gt; Privacidad -&gt; Configuraci\u00f3n.<\/li>\n<li><b>Safari<\/b>: Preferencias -&gt; Seguridad.<\/li>\n<li><b>Opera:<\/b>\u00a0Herramientas -&gt; Preferencias -&gt; Editar preferencias &gt; Cookies<\/li>\n<\/ul>\n<p>Para m\u00e1s informaci\u00f3n, puede consultar en la Ayuda de su navegador o en las p\u00e1ginas de soporte de los mismos:<\/p>\n<ul>\n<li><b>Chrome<\/b>:\u00a0<a href=\"http:\/\/support.google.com\/\">support.google.com<\/a><\/li>\n<li><b>FireFox<\/b>:\u00a0<a href=\"http:\/\/support.mozilla.org\/\">support.mozilla.org<\/a><\/li>\n<li><b>Internet Explorer<\/b>:\u00a0<a href=\"http:\/\/windows.microsoft.com\/\">windows.microsoft.com<\/a><\/li>\n<li><b>Safari<\/b>:\u00a0<a href=\"http:\/\/www.apple.com\/\">http:\/\/www.apple.com<\/a><\/li>\n<\/ul>\n<p><b>Opera:<\/b>\u00a0<a href=\"http:\/\/www.opera.com\/help\/tutorials\/security\/cookies\/\">http:\/\/www.opera.com\/help\/tutorials\/security\/cookies\/<\/a><\/p>\n\t\t\t\t\t\t\t\t<\/div>\n\t\t\t\t<\/div>\n\t\t\t\t\t<\/div>\n\t\t<\/div>\n\t\t\t\t\t<\/div>\n\t\t<\/section>\n\t\t\t\t<\/div>\n\t\t","protected":false},"excerpt":{"rendered":"<p>Informaci\u00f3n del uso de cookies Las cookies son breves informaciones que se env\u00edan y almacenan en el disco duro del [&hellip;]<\/p>\n","protected":false},"author":1,"featured_media":0,"parent":0,"menu_order":0,"comment_status":"closed","ping_status":"closed","template":"","meta":{"site-sidebar-layout":"no-sidebar","site-content-layout":"page-builder","ast-site-content-layout":"default","site-content-style":"default","site-sidebar-style":"default","ast-global-header-display":"","ast-banner-title-visibility":"","ast-main-header-display":"","ast-hfb-above-header-display":"","ast-hfb-below-header-display":"","ast-hfb-mobile-header-display":"","site-post-title":"disabled","ast-breadcrumbs-content":"","ast-featured-img":"disabled","footer-sml-layout":"","ast-disable-related-posts":"","theme-transparent-header-meta":"default","adv-header-id-meta":"","stick-header-meta":"default","header-above-stick-meta":"","header-main-stick-meta":"","header-below-stick-meta":"","astra-migrate-meta-layouts":"default","ast-page-background-enabled":"default","ast-page-background-meta":{"desktop":{"background-color":"var(--ast-global-color-5)","background-image":"","background-repeat":"repeat","background-position":"center center","background-size":"auto","background-attachment":"scroll","background-type":"","background-media":"","overlay-type":"","overlay-color":"","overlay-opacity":"","overlay-gradient":""},"tablet":{"background-color":"","background-image":"","background-repeat":"repeat","background-position":"center center","background-size":"auto","background-attachment":"scroll","background-type":"","background-media":"","overlay-type":"","overlay-color":"","overlay-opacity":"","overlay-gradient":""},"mobile":{"background-color":"","background-image":"","background-repeat":"repeat","background-position":"center center","background-size":"auto","background-attachment":"scroll","background-type":"","background-media":"","overlay-type":"","overlay-color":"","overlay-opacity":"","overlay-gradient":""}},"ast-content-background-meta":{"desktop":{"background-color":"var(--ast-global-color-4)","background-image":"","background-repeat":"repeat","background-position":"center center","background-size":"auto","background-attachment":"scroll","background-type":"","background-media":"","overlay-type":"","overlay-color":"","overlay-opacity":"","overlay-gradient":""},"tablet":{"background-color":"var(--ast-global-color-4)","background-image":"","background-repeat":"repeat","background-position":"center center","background-size":"auto","background-attachment":"scroll","background-type":"","background-media":"","overlay-type":"","overlay-color":"","overlay-opacity":"","overlay-gradient":""},"mobile":{"background-color":"var(--ast-global-color-4)","background-image":"","background-repeat":"repeat","background-position":"center center","background-size":"auto","background-attachment":"scroll","background-type":"","background-media":"","overlay-type":"","overlay-color":"","overlay-opacity":"","overlay-gradient":""}},"footnotes":""},"class_list":["post-371","page","type-page","status-publish","hentry"],"yoast_head":"<!-- This site is optimized with the Yoast SEO plugin v27.5 - https:\/\/yoast.com\/product\/yoast-seo-wordpress\/ -->\n<title>Cookies Policy - Notaria GRM<\/title>\n<meta name=\"robots\" content=\"index, follow, max-snippet:-1, max-image-preview:large, max-video-preview:-1\" \/>\n<link rel=\"canonical\" href=\"https:\/\/www.notariagrm.com\/en\/cookies-policy\/\" \/>\n<meta property=\"og:locale\" content=\"en_US\" \/>\n<meta property=\"og:type\" content=\"article\" \/>\n<meta property=\"og:title\" content=\"Cookies Policy - Notaria GRM\" \/>\n<meta property=\"og:description\" content=\"Informaci\u00f3n del uso de cookies Las cookies son breves informaciones que se env\u00edan y almacenan en el disco duro del [&hellip;]\" \/>\n<meta property=\"og:url\" content=\"https:\/\/www.notariagrm.com\/en\/cookies-policy\/\" \/>\n<meta property=\"og:site_name\" content=\"Notaria GRM\" \/>\n<meta property=\"article:modified_time\" content=\"2018-10-22T14:19:39+00:00\" \/>\n<meta name=\"twitter:card\" content=\"summary_large_image\" \/>\n<meta name=\"twitter:label1\" content=\"Est. reading time\" \/>\n\t<meta name=\"twitter:data1\" content=\"3 minutes\" \/>\n<script type=\"application\/ld+json\" class=\"yoast-schema-graph\">{\"@context\":\"https:\\\/\\\/schema.org\",\"@graph\":[{\"@type\":\"WebPage\",\"@id\":\"https:\\\/\\\/www.notariagrm.com\\\/en\\\/cookies-policy\\\/\",\"url\":\"https:\\\/\\\/www.notariagrm.com\\\/en\\\/cookies-policy\\\/\",\"name\":\"Cookies Policy - Notaria GRM\",\"isPartOf\":{\"@id\":\"https:\\\/\\\/www.notariagrm.com\\\/#website\"},\"datePublished\":\"2018-10-22T14:17:48+00:00\",\"dateModified\":\"2018-10-22T14:19:39+00:00\",\"breadcrumb\":{\"@id\":\"https:\\\/\\\/www.notariagrm.com\\\/en\\\/cookies-policy\\\/#breadcrumb\"},\"inLanguage\":\"en-US\",\"potentialAction\":[{\"@type\":\"ReadAction\",\"target\":[\"https:\\\/\\\/www.notariagrm.com\\\/en\\\/cookies-policy\\\/\"]}]},{\"@type\":\"BreadcrumbList\",\"@id\":\"https:\\\/\\\/www.notariagrm.com\\\/en\\\/cookies-policy\\\/#breadcrumb\",\"itemListElement\":[{\"@type\":\"ListItem\",\"position\":1,\"name\":\"Home\",\"item\":\"https:\\\/\\\/www.notariagrm.com\\\/en\\\/\"},{\"@type\":\"ListItem\",\"position\":2,\"name\":\"Cookies Policy\"}]},{\"@type\":\"WebSite\",\"@id\":\"https:\\\/\\\/www.notariagrm.com\\\/#website\",\"url\":\"https:\\\/\\\/www.notariagrm.com\\\/\",\"name\":\"Notaria GRM\",\"description\":\"Notar\u00eda en Esplugues de Llobregat\",\"potentialAction\":[{\"@type\":\"SearchAction\",\"target\":{\"@type\":\"EntryPoint\",\"urlTemplate\":\"https:\\\/\\\/www.notariagrm.com\\\/?s={search_term_string}\"},\"query-input\":{\"@type\":\"PropertyValueSpecification\",\"valueRequired\":true,\"valueName\":\"search_term_string\"}}],\"inLanguage\":\"en-US\"}]}<\/script>\n<!-- \/ Yoast SEO plugin. -->","yoast_head_json":{"title":"Cookies Policy - Notaria GRM","robots":{"index":"index","follow":"follow","max-snippet":"max-snippet:-1","max-image-preview":"max-image-preview:large","max-video-preview":"max-video-preview:-1"},"canonical":"https:\/\/www.notariagrm.com\/en\/cookies-policy\/","og_locale":"en_US","og_type":"article","og_title":"Cookies Policy - Notaria GRM","og_description":"Informaci\u00f3n del uso de cookies Las cookies son breves informaciones que se env\u00edan y almacenan en el disco duro del [&hellip;]","og_url":"https:\/\/www.notariagrm.com\/en\/cookies-policy\/","og_site_name":"Notaria GRM","article_modified_time":"2018-10-22T14:19:39+00:00","twitter_card":"summary_large_image","twitter_misc":{"Est. reading time":"3 minutes"},"schema":{"@context":"https:\/\/schema.org","@graph":[{"@type":"WebPage","@id":"https:\/\/www.notariagrm.com\/en\/cookies-policy\/","url":"https:\/\/www.notariagrm.com\/en\/cookies-policy\/","name":"Cookies Policy - Notaria GRM","isPartOf":{"@id":"https:\/\/www.notariagrm.com\/#website"},"datePublished":"2018-10-22T14:17:48+00:00","dateModified":"2018-10-22T14:19:39+00:00","breadcrumb":{"@id":"https:\/\/www.notariagrm.com\/en\/cookies-policy\/#breadcrumb"},"inLanguage":"en-US","potentialAction":[{"@type":"ReadAction","target":["https:\/\/www.notariagrm.com\/en\/cookies-policy\/"]}]},{"@type":"BreadcrumbList","@id":"https:\/\/www.notariagrm.com\/en\/cookies-policy\/#breadcrumb","itemListElement":[{"@type":"ListItem","position":1,"name":"Home","item":"https:\/\/www.notariagrm.com\/en\/"},{"@type":"ListItem","position":2,"name":"Cookies Policy"}]},{"@type":"WebSite","@id":"https:\/\/www.notariagrm.com\/#website","url":"https:\/\/www.notariagrm.com\/","name":"Notaria GRM","description":"Notar\u00eda en Esplugues de Llobregat","potentialAction":[{"@type":"SearchAction","target":{"@type":"EntryPoint","urlTemplate":"https:\/\/www.notariagrm.com\/?s={search_term_string}"},"query-input":{"@type":"PropertyValueSpecification","valueRequired":true,"valueName":"search_term_string"}}],"inLanguage":"en-US"}]}},"_links":{"self":[{"href":"https:\/\/www.notariagrm.com\/en\/wp-json\/wp\/v2\/pages\/371","targetHints":{"allow":["GET"]}}],"collection":[{"href":"https:\/\/www.notariagrm.com\/en\/wp-json\/wp\/v2\/pages"}],"about":[{"href":"https:\/\/www.notariagrm.com\/en\/wp-json\/wp\/v2\/types\/page"}],"author":[{"embeddable":true,"href":"https:\/\/www.notariagrm.com\/en\/wp-json\/wp\/v2\/users\/1"}],"replies":[{"embeddable":true,"href":"https:\/\/www.notariagrm.com\/en\/wp-json\/wp\/v2\/comments?post=371"}],"version-history":[{"count":2,"href":"https:\/\/www.notariagrm.com\/en\/wp-json\/wp\/v2\/pages\/371\/revisions"}],"predecessor-version":[{"id":374,"href":"https:\/\/www.notariagrm.com\/en\/wp-json\/wp\/v2\/pages\/371\/revisions\/374"}],"wp:attachment":[{"href":"https:\/\/www.notariagrm.com\/en\/wp-json\/wp\/v2\/media?parent=371"}],"curies":[{"name":"wp","href":"https:\/\/api.w.org\/{rel}","templated":true}]}}